{"id":678,"date":"2026-04-17T10:22:27","date_gmt":"2026-04-17T08:22:27","guid":{"rendered":"https:\/\/sunflower-theme.de\/demo-neu\/kandidatin-3\/"},"modified":"2026-04-17T10:22:27","modified_gmt":"2026-04-17T08:22:27","slug":"kandidatin-3","status":"publish","type":"page","link":"https:\/\/sunflower-theme.de\/demo\/kandidatin-3\/","title":{"rendered":"Kandidatin"},"content":{"rendered":"\n<div class=\"wp-block-columns sunflower-candidate is-layout-flex wp-container-core-columns-is-layout-9d6595d7 wp-block-columns-is-layout-flex\">\n<div class=\"wp-block-column is-layout-flow wp-block-column-is-layout-flow\" style=\"flex-basis:50%\">\n<div class=\"wp-block-cover\"><img decoding=\"async\" class=\"wp-block-cover__image-background\" alt=\"Portrait einer Kandidatin\" src=\"https:\/\/sunflower-theme.de\/demo-neu\/wp-content\/themes\/sunflower26\/assets\/img\/Beispielbild_Kandidatin.jpg\" data-object-fit=\"cover\"\/><span aria-hidden=\"true\" class=\"wp-block-cover__background has-background-dim-0 has-background-dim\"><\/span><div class=\"wp-block-cover__inner-container is-layout-constrained wp-block-cover-is-layout-constrained\">\n<div style=\"height:30rem\" aria-hidden=\"true\" class=\"wp-block-spacer\"><\/div>\n\n\n<p class=\"h3 textbalken has-sand-color has-tanne-background-color has-text-color has-background has-link-color wp-elements-c4479047d73e5bc2355a391aa351064b\">Vorname<\/p>\n\n\n<p class=\"h3 textbalken links-eins has-white-color has-klee-background-color has-text-color has-background has-link-color wp-elements-81181f3a37307e5b1dcda5a55084f128\">Nachname<\/p>\n\n<\/div><\/div>\n\n\n\n<div class=\"wp-block-group has-shadow kandidaten-vorlage is-vertical is-layout-flex wp-container-core-group-is-layout-8cf370e7 wp-block-group-is-layout-flex\">\n<figure class=\"wp-block-table no-margin-top\"><table class=\"has-fixed-layout\"><tbody><tr><td><strong>Position<\/strong> Kandidatin f\u00fcr den Landtag<\/td><\/tr><tr><td><strong>Alter<\/strong> 30 Jahre alt<\/td><\/tr><tr><td><strong>Geboren in<\/strong> Musterstadt<\/td><\/tr><tr><td><strong>Wahlkreis<\/strong> 932<\/td><\/tr><\/tbody><\/table><\/figure>\n\n\n\n<div class=\"wp-block-group is-layout-constrained wp-block-group-is-layout-constrained\">\n<ul class=\"wp-block-social-links has-icon-color has-icon-background-color is-layout-flex wp-block-social-links-is-layout-flex\"><li style=\"color:#F5F1E9;background-color:#006E2E;\" class=\"wp-social-link wp-social-link-mastodon has-sand-color has-klee-700-background-color wp-block-social-link\"><a href=\"https:\/\/gruene.social\/about\" class=\"wp-block-social-link-anchor\"><svg width=\"24\" height=\"24\" viewBox=\"0 0 24 24\" version=\"1.1\" xmlns=\"http:\/\/www.w3.org\/2000\/svg\" aria-hidden=\"true\" focusable=\"false\"><path d=\"M23.193 7.879c0-5.206-3.411-6.732-3.411-6.732C18.062.357 15.108.025 12.041 0h-.076c-3.068.025-6.02.357-7.74 1.147 0 0-3.411 1.526-3.411 6.732 0 1.192-.023 2.618.015 4.129.124 5.092.934 10.109 5.641 11.355 2.17.574 4.034.695 5.535.612 2.722-.15 4.25-.972 4.25-.972l-.09-1.975s-1.945.613-4.129.539c-2.165-.074-4.449-.233-4.799-2.891a5.499 5.499 0 0 1-.048-.745s2.125.52 4.817.643c1.646.075 3.19-.097 4.758-.283 3.007-.359 5.625-2.212 5.954-3.905.517-2.665.475-6.507.475-6.507zm-4.024 6.709h-2.497V8.469c0-1.29-.543-1.944-1.628-1.944-1.2 0-1.802.776-1.802 2.312v3.349h-2.483v-3.35c0-1.536-.602-2.312-1.802-2.312-1.085 0-1.628.655-1.628 1.944v6.119H4.832V8.284c0-1.289.328-2.313.987-3.07.68-.758 1.569-1.146 2.674-1.146 1.278 0 2.246.491 2.886 1.474L12 6.585l.622-1.043c.64-.983 1.608-1.474 2.886-1.474 1.104 0 1.994.388 2.674 1.146.658.757.986 1.781.986 3.07v6.304z\"\/><\/svg><span class=\"wp-block-social-link-label screen-reader-text\">Mastodon<\/span><\/a><\/li>\n\n<li style=\"color:#F5F1E9;background-color:#006E2E;\" class=\"wp-social-link wp-social-link-instagram has-sand-color has-klee-700-background-color wp-block-social-link\"><a href=\"https:\/\/www.instagram.com\/die_gruenen\/\" class=\"wp-block-social-link-anchor\"><svg width=\"24\" height=\"24\" viewBox=\"0 0 24 24\" version=\"1.1\" xmlns=\"http:\/\/www.w3.org\/2000\/svg\" aria-hidden=\"true\" focusable=\"false\"><path d=\"M12,4.622c2.403,0,2.688,0.009,3.637,0.052c0.877,0.04,1.354,0.187,1.671,0.31c0.42,0.163,0.72,0.358,1.035,0.673 c0.315,0.315,0.51,0.615,0.673,1.035c0.123,0.317,0.27,0.794,0.31,1.671c0.043,0.949,0.052,1.234,0.052,3.637 s-0.009,2.688-0.052,3.637c-0.04,0.877-0.187,1.354-0.31,1.671c-0.163,0.42-0.358,0.72-0.673,1.035 c-0.315,0.315-0.615,0.51-1.035,0.673c-0.317,0.123-0.794,0.27-1.671,0.31c-0.949,0.043-1.233,0.052-3.637,0.052 s-2.688-0.009-3.637-0.052c-0.877-0.04-1.354-0.187-1.671-0.31c-0.42-0.163-0.72-0.358-1.035-0.673 c-0.315-0.315-0.51-0.615-0.673-1.035c-0.123-0.317-0.27-0.794-0.31-1.671C4.631,14.688,4.622,14.403,4.622,12 s0.009-2.688,0.052-3.637c0.04-0.877,0.187-1.354,0.31-1.671c0.163-0.42,0.358-0.72,0.673-1.035 c0.315-0.315,0.615-0.51,1.035-0.673c0.317-0.123,0.794-0.27,1.671-0.31C9.312,4.631,9.597,4.622,12,4.622 M12,3 C9.556,3,9.249,3.01,8.289,3.054C7.331,3.098,6.677,3.25,6.105,3.472C5.513,3.702,5.011,4.01,4.511,4.511 c-0.5,0.5-0.808,1.002-1.038,1.594C3.25,6.677,3.098,7.331,3.054,8.289C3.01,9.249,3,9.556,3,12c0,2.444,0.01,2.751,0.054,3.711 c0.044,0.958,0.196,1.612,0.418,2.185c0.23,0.592,0.538,1.094,1.038,1.594c0.5,0.5,1.002,0.808,1.594,1.038 c0.572,0.222,1.227,0.375,2.185,0.418C9.249,20.99,9.556,21,12,21s2.751-0.01,3.711-0.054c0.958-0.044,1.612-0.196,2.185-0.418 c0.592-0.23,1.094-0.538,1.594-1.038c0.5-0.5,0.808-1.002,1.038-1.594c0.222-0.572,0.375-1.227,0.418-2.185 C20.99,14.751,21,14.444,21,12s-0.01-2.751-0.054-3.711c-0.044-0.958-0.196-1.612-0.418-2.185c-0.23-0.592-0.538-1.094-1.038-1.594 c-0.5-0.5-1.002-0.808-1.594-1.038c-0.572-0.222-1.227-0.375-2.185-0.418C14.751,3.01,14.444,3,12,3L12,3z M12,7.378 c-2.552,0-4.622,2.069-4.622,4.622S9.448,16.622,12,16.622s4.622-2.069,4.622-4.622S14.552,7.378,12,7.378z M12,15 c-1.657,0-3-1.343-3-3s1.343-3,3-3s3,1.343,3,3S13.657,15,12,15z M16.804,6.116c-0.596,0-1.08,0.484-1.08,1.08 s0.484,1.08,1.08,1.08c0.596,0,1.08-0.484,1.08-1.08S17.401,6.116,16.804,6.116z\"><\/path><\/svg><span class=\"wp-block-social-link-label screen-reader-text\">Instagram<\/span><\/a><\/li>\n\n<li style=\"color:#F5F1E9;background-color:#006E2E;\" class=\"wp-social-link wp-social-link-tiktok has-sand-color has-klee-700-background-color wp-block-social-link\"><a href=\"https:\/\/www.tiktok.com\/@diegruenen?lang=de-DE\" class=\"wp-block-social-link-anchor\"><svg width=\"24\" height=\"24\" viewBox=\"0 0 32 32\" version=\"1.1\" xmlns=\"http:\/\/www.w3.org\/2000\/svg\" aria-hidden=\"true\" focusable=\"false\"><path d=\"M16.708 0.027c1.745-0.027 3.48-0.011 5.213-0.027 0.105 2.041 0.839 4.12 2.333 5.563 1.491 1.479 3.6 2.156 5.652 2.385v5.369c-1.923-0.063-3.855-0.463-5.6-1.291-0.76-0.344-1.468-0.787-2.161-1.24-0.009 3.896 0.016 7.787-0.025 11.667-0.104 1.864-0.719 3.719-1.803 5.255-1.744 2.557-4.771 4.224-7.88 4.276-1.907 0.109-3.812-0.411-5.437-1.369-2.693-1.588-4.588-4.495-4.864-7.615-0.032-0.667-0.043-1.333-0.016-1.984 0.24-2.537 1.495-4.964 3.443-6.615 2.208-1.923 5.301-2.839 8.197-2.297 0.027 1.975-0.052 3.948-0.052 5.923-1.323-0.428-2.869-0.308-4.025 0.495-0.844 0.547-1.485 1.385-1.819 2.333-0.276 0.676-0.197 1.427-0.181 2.145 0.317 2.188 2.421 4.027 4.667 3.828 1.489-0.016 2.916-0.88 3.692-2.145 0.251-0.443 0.532-0.896 0.547-1.417 0.131-2.385 0.079-4.76 0.095-7.145 0.011-5.375-0.016-10.735 0.025-16.093z\" \/><\/svg><span class=\"wp-block-social-link-label screen-reader-text\">TikTok<\/span><\/a><\/li>\n\n<li style=\"color:#F5F1E9;background-color:#006E2E;\" class=\"wp-social-link wp-social-link-facebook has-sand-color has-klee-700-background-color wp-block-social-link\"><a href=\"https:\/\/www.facebook.com\/B90DieGruenen\/\" class=\"wp-block-social-link-anchor\"><svg width=\"24\" height=\"24\" viewBox=\"0 0 24 24\" version=\"1.1\" xmlns=\"http:\/\/www.w3.org\/2000\/svg\" aria-hidden=\"true\" focusable=\"false\"><path d=\"M12 2C6.5 2 2 6.5 2 12c0 5 3.7 9.1 8.4 9.9v-7H7.9V12h2.5V9.8c0-2.5 1.5-3.9 3.8-3.9 1.1 0 2.2.2 2.2.2v2.5h-1.3c-1.2 0-1.6.8-1.6 1.6V12h2.8l-.4 2.9h-2.3v7C18.3 21.1 22 17 22 12c0-5.5-4.5-10-10-10z\"><\/path><\/svg><span class=\"wp-block-social-link-label screen-reader-text\">Facebook<\/span><\/a><\/li><\/ul>\n\n\n\n<div class=\"wp-block-group is-content-justification-center is-layout-constrained wp-block-group-is-layout-constrained\">\n<p class=\"has-text-align-center h3 textbalken has-white-color has-tanne-background-color has-text-color has-background has-link-color wp-elements-1fc62dc6ef57a2c9358141074d74242b\">Machen,<\/p>\n\n\n<p class=\"has-text-align-center h3 textbalken links-eins has-black-color has-grashalm-background-color has-text-color has-background has-link-color wp-elements-4db5c5efefa9cecd49ab4e99f3d97e21\">was z\u00e4hlt<\/p>\n<\/div>\n<\/div>\n<\/div>\n<\/div>\n\n\n\n<div class=\"wp-block-column is-layout-flow wp-block-column-is-layout-flow\" style=\"flex-basis:50%\">\n<div class=\"wp-block-group is-layout-constrained wp-block-group-is-layout-constrained\">\n<p>Diese Optik k\u00f6nnen gr\u00fcne Kandidierende im WordPress-Sunflower-Theme nutzen. Schaut Euch gerne um!<\/p>\n\n\n\n<p>Weitere Informationen und <strong>Download<\/strong> auf <a href=\"https:\/\/sunflower-theme.de\/\">Sunflower-theme.de<\/a>. Ben\u00f6tigt Ihr auch Domain, Server und so weiter? Bei <strong>verdigado<\/strong> nutzt Ihr <strong>nachhaltiges Webhosting<\/strong> mit der Sunflower-Optik \u2013 Im Set inklusive <strong>E-Mail-Konten<\/strong>, <strong>E-Mail-Verteilern<\/strong> gespeist aus der gr\u00fcnen Mitgliederdatenbank Sherpa und vielem mehr. Informationen und Bestellung auf <a href=\"https:\/\/verdigado.com\/\"><strong>verdigado.com<\/strong><\/a>.<\/p>\n\n\n\n<p class=\"has-text-align-center stoerer\">Am 9. Juni<br>GR\u00dcN w\u00e4hlen<\/p>\n<\/div>\n<\/div>\n<\/div>\n\n","protected":false},"excerpt":{"rendered":"<p>Position Kandidatin f\u00fcr den Landtag Alter 30 Jahre alt Geboren in Musterstadt Wahlkreis 932 Machen, was z\u00e4hlt Diese Optik k\u00f6nnen gr\u00fcne Kandidierende im WordPress-Sunflower-Theme nutzen. Schaut Euch gerne um! Weitere&#8230;<\/p>\n","protected":false},"author":2,"featured_media":0,"parent":0,"menu_order":0,"comment_status":"closed","ping_status":"closed","template":"","meta":{"footnotes":""},"class_list":["post-678","page","type-page","status-publish","hentry"],"yoast_head":"<!-- This site is optimized with the Yoast SEO plugin v27.4 - https:\/\/yoast.com\/product\/yoast-seo-wordpress\/ -->\n<title>Kandidatin - Sunflower 26<\/title>\n<meta name=\"robots\" content=\"index, follow, max-snippet:-1, max-image-preview:large, max-video-preview:-1\" \/>\n<link rel=\"canonical\" href=\"https:\/\/sunflower-theme.de\/demo\/kandidatin-3\/\" \/>\n<meta property=\"og:locale\" content=\"de_DE\" \/>\n<meta property=\"og:type\" content=\"article\" \/>\n<meta property=\"og:title\" content=\"Kandidatin - Sunflower 26\" \/>\n<meta property=\"og:description\" content=\"Position Kandidatin f\u00fcr den Landtag Alter 30 Jahre alt Geboren in Musterstadt Wahlkreis 932 Machen, was z\u00e4hlt Diese Optik k\u00f6nnen gr\u00fcne Kandidierende im WordPress-Sunflower-Theme nutzen. Schaut Euch gerne um! Weitere...\" \/>\n<meta property=\"og:url\" content=\"https:\/\/sunflower-theme.de\/demo\/kandidatin-3\/\" \/>\n<meta property=\"og:site_name\" content=\"Sunflower 26\" \/>\n<meta property=\"og:image\" content=\"https:\/\/sunflower-theme.de\/demo-neu\/wp-content\/themes\/sunflower26\/assets\/img\/Beispielbild_Kandidatin.jpg\" \/>\n<meta name=\"twitter:card\" content=\"summary_large_image\" \/>\n<script type=\"application\/ld+json\" class=\"yoast-schema-graph\">{\"@context\":\"https:\\\/\\\/schema.org\",\"@graph\":[{\"@type\":\"WebPage\",\"@id\":\"https:\\\/\\\/sunflower-theme.de\\\/demo\\\/kandidatin-3\\\/\",\"url\":\"https:\\\/\\\/sunflower-theme.de\\\/demo\\\/kandidatin-3\\\/\",\"name\":\"Kandidatin - Sunflower 26\",\"isPartOf\":{\"@id\":\"https:\\\/\\\/sunflower-theme.de\\\/demo\\\/#website\"},\"primaryImageOfPage\":{\"@id\":\"https:\\\/\\\/sunflower-theme.de\\\/demo\\\/kandidatin-3\\\/#primaryimage\"},\"image\":{\"@id\":\"https:\\\/\\\/sunflower-theme.de\\\/demo\\\/kandidatin-3\\\/#primaryimage\"},\"thumbnailUrl\":\"https:\\\/\\\/sunflower-theme.de\\\/demo-neu\\\/wp-content\\\/themes\\\/sunflower26\\\/assets\\\/img\\\/Beispielbild_Kandidatin.jpg\",\"datePublished\":\"2026-04-17T08:22:27+00:00\",\"breadcrumb\":{\"@id\":\"https:\\\/\\\/sunflower-theme.de\\\/demo\\\/kandidatin-3\\\/#breadcrumb\"},\"inLanguage\":\"de\",\"potentialAction\":[{\"@type\":\"ReadAction\",\"target\":[\"https:\\\/\\\/sunflower-theme.de\\\/demo\\\/kandidatin-3\\\/\"]}]},{\"@type\":\"ImageObject\",\"inLanguage\":\"de\",\"@id\":\"https:\\\/\\\/sunflower-theme.de\\\/demo\\\/kandidatin-3\\\/#primaryimage\",\"url\":\"https:\\\/\\\/sunflower-theme.de\\\/demo-neu\\\/wp-content\\\/themes\\\/sunflower26\\\/assets\\\/img\\\/Beispielbild_Kandidatin.jpg\",\"contentUrl\":\"https:\\\/\\\/sunflower-theme.de\\\/demo-neu\\\/wp-content\\\/themes\\\/sunflower26\\\/assets\\\/img\\\/Beispielbild_Kandidatin.jpg\"},{\"@type\":\"BreadcrumbList\",\"@id\":\"https:\\\/\\\/sunflower-theme.de\\\/demo\\\/kandidatin-3\\\/#breadcrumb\",\"itemListElement\":[{\"@type\":\"ListItem\",\"position\":1,\"name\":\"Startseite\",\"item\":\"https:\\\/\\\/sunflower-theme.de\\\/demo\\\/\"},{\"@type\":\"ListItem\",\"position\":2,\"name\":\"Kandidatin\"}]},{\"@type\":\"WebSite\",\"@id\":\"https:\\\/\\\/sunflower-theme.de\\\/demo\\\/#website\",\"url\":\"https:\\\/\\\/sunflower-theme.de\\\/demo\\\/\",\"name\":\"Sunflower 26\",\"description\":\"Demoseite f\u00fcr das Wordpress Theme\",\"potentialAction\":[{\"@type\":\"SearchAction\",\"target\":{\"@type\":\"EntryPoint\",\"urlTemplate\":\"https:\\\/\\\/sunflower-theme.de\\\/demo\\\/?s={search_term_string}\"},\"query-input\":{\"@type\":\"PropertyValueSpecification\",\"valueRequired\":true,\"valueName\":\"search_term_string\"}}],\"inLanguage\":\"de\"}]}<\/script>\n<!-- \/ Yoast SEO plugin. -->","yoast_head_json":{"title":"Kandidatin - Sunflower 26","robots":{"index":"index","follow":"follow","max-snippet":"max-snippet:-1","max-image-preview":"max-image-preview:large","max-video-preview":"max-video-preview:-1"},"canonical":"https:\/\/sunflower-theme.de\/demo\/kandidatin-3\/","og_locale":"de_DE","og_type":"article","og_title":"Kandidatin - Sunflower 26","og_description":"Position Kandidatin f\u00fcr den Landtag Alter 30 Jahre alt Geboren in Musterstadt Wahlkreis 932 Machen, was z\u00e4hlt Diese Optik k\u00f6nnen gr\u00fcne Kandidierende im WordPress-Sunflower-Theme nutzen. Schaut Euch gerne um! Weitere...","og_url":"https:\/\/sunflower-theme.de\/demo\/kandidatin-3\/","og_site_name":"Sunflower 26","og_image":[{"url":"https:\/\/sunflower-theme.de\/demo-neu\/wp-content\/themes\/sunflower26\/assets\/img\/Beispielbild_Kandidatin.jpg","type":"","width":"","height":""}],"twitter_card":"summary_large_image","schema":{"@context":"https:\/\/schema.org","@graph":[{"@type":"WebPage","@id":"https:\/\/sunflower-theme.de\/demo\/kandidatin-3\/","url":"https:\/\/sunflower-theme.de\/demo\/kandidatin-3\/","name":"Kandidatin - Sunflower 26","isPartOf":{"@id":"https:\/\/sunflower-theme.de\/demo\/#website"},"primaryImageOfPage":{"@id":"https:\/\/sunflower-theme.de\/demo\/kandidatin-3\/#primaryimage"},"image":{"@id":"https:\/\/sunflower-theme.de\/demo\/kandidatin-3\/#primaryimage"},"thumbnailUrl":"https:\/\/sunflower-theme.de\/demo-neu\/wp-content\/themes\/sunflower26\/assets\/img\/Beispielbild_Kandidatin.jpg","datePublished":"2026-04-17T08:22:27+00:00","breadcrumb":{"@id":"https:\/\/sunflower-theme.de\/demo\/kandidatin-3\/#breadcrumb"},"inLanguage":"de","potentialAction":[{"@type":"ReadAction","target":["https:\/\/sunflower-theme.de\/demo\/kandidatin-3\/"]}]},{"@type":"ImageObject","inLanguage":"de","@id":"https:\/\/sunflower-theme.de\/demo\/kandidatin-3\/#primaryimage","url":"https:\/\/sunflower-theme.de\/demo-neu\/wp-content\/themes\/sunflower26\/assets\/img\/Beispielbild_Kandidatin.jpg","contentUrl":"https:\/\/sunflower-theme.de\/demo-neu\/wp-content\/themes\/sunflower26\/assets\/img\/Beispielbild_Kandidatin.jpg"},{"@type":"BreadcrumbList","@id":"https:\/\/sunflower-theme.de\/demo\/kandidatin-3\/#breadcrumb","itemListElement":[{"@type":"ListItem","position":1,"name":"Startseite","item":"https:\/\/sunflower-theme.de\/demo\/"},{"@type":"ListItem","position":2,"name":"Kandidatin"}]},{"@type":"WebSite","@id":"https:\/\/sunflower-theme.de\/demo\/#website","url":"https:\/\/sunflower-theme.de\/demo\/","name":"Sunflower 26","description":"Demoseite f\u00fcr das Wordpress Theme","potentialAction":[{"@type":"SearchAction","target":{"@type":"EntryPoint","urlTemplate":"https:\/\/sunflower-theme.de\/demo\/?s={search_term_string}"},"query-input":{"@type":"PropertyValueSpecification","valueRequired":true,"valueName":"search_term_string"}}],"inLanguage":"de"}]}},"_links":{"self":[{"href":"https:\/\/sunflower-theme.de\/demo\/wp-json\/wp\/v2\/pages\/678","targetHints":{"allow":["GET"]}}],"collection":[{"href":"https:\/\/sunflower-theme.de\/demo\/wp-json\/wp\/v2\/pages"}],"about":[{"href":"https:\/\/sunflower-theme.de\/demo\/wp-json\/wp\/v2\/types\/page"}],"author":[{"embeddable":true,"href":"https:\/\/sunflower-theme.de\/demo\/wp-json\/wp\/v2\/users\/2"}],"replies":[{"embeddable":true,"href":"https:\/\/sunflower-theme.de\/demo\/wp-json\/wp\/v2\/comments?post=678"}],"version-history":[{"count":0,"href":"https:\/\/sunflower-theme.de\/demo\/wp-json\/wp\/v2\/pages\/678\/revisions"}],"wp:attachment":[{"href":"https:\/\/sunflower-theme.de\/demo\/wp-json\/wp\/v2\/media?parent=678"}],"curies":[{"name":"wp","href":"https:\/\/api.w.org\/{rel}","templated":true}]}}