{"id":26,"date":"2021-01-05T00:07:34","date_gmt":"2021-01-04T23:07:34","guid":{"rendered":"https:\/\/sunflower-theme.de\/demo\/?page_id=26"},"modified":"2026-02-17T15:12:10","modified_gmt":"2026-02-17T14:12:10","slug":"impressum","status":"publish","type":"page","link":"https:\/\/sunflower-theme.de\/demo\/impressum\/","title":{"rendered":"Impressum"},"content":{"rendered":"\n<p>verdigado eG<br>Sitz der Gesch\u00e4ftsf\u00fchrung<br>Heilig-Kreuz-Stra\u00dfe 16<br>86609 Donauw\u00f6rth<\/p>\n\n\n\n<p>In der Heilig-Kreuz-Stra\u00dfe 16 ist zugleich der Verein Netzbegr\u00fcnung \u2013 Verein f\u00fcr gr\u00fcne Netzkultur e.V. anzutreffen.<\/p>\n\n\n\n<p>Sitz der Genossenschaft: N\u00fcrnberg<br>Registergericht: Amtsgericht N\u00fcrnberg<br>Registernummer: GnR 344<br>Umsatzsteuer ID: DE 329 190 191<\/p>\n\n\n\n<p>Vorstand: Katja Mecking, Dominik (Nico) Ach<br>Vorsitzender des Aufsichtsrats: Marc Urbatsch<\/p>\n\n\n\n<p>Mitglied im Pr\u00fcfungsverband des Genossenschaftsverbands Bayern.<\/p>\n","protected":false},"excerpt":{"rendered":"<p>verdigado eGSitz der Gesch\u00e4ftsf\u00fchrungHeilig-Kreuz-Stra\u00dfe 1686609 Donauw\u00f6rth In der Heilig-Kreuz-Stra\u00dfe 16 ist zugleich der Verein Netzbegr\u00fcnung \u2013 Verein f\u00fcr gr\u00fcne Netzkultur e.V. anzutreffen. Sitz der Genossenschaft: N\u00fcrnbergRegistergericht: Amtsgericht N\u00fcrnbergRegisternummer: GnR 344Umsatzsteuer&#8230;<\/p>\n","protected":false},"author":1,"featured_media":0,"parent":0,"menu_order":0,"comment_status":"closed","ping_status":"closed","template":"","meta":{"footnotes":""},"class_list":["post-26","page","type-page","status-publish","hentry"],"yoast_head":"<!-- This site is optimized with the Yoast SEO plugin v27.4 - https:\/\/yoast.com\/product\/yoast-seo-wordpress\/ -->\n<title>Impressum - Sunflower 26<\/title>\n<meta name=\"robots\" content=\"index, follow, max-snippet:-1, max-image-preview:large, max-video-preview:-1\" \/>\n<link rel=\"canonical\" href=\"https:\/\/sunflower-theme.de\/demo\/impressum\/\" \/>\n<meta property=\"og:locale\" content=\"de_DE\" \/>\n<meta property=\"og:type\" content=\"article\" \/>\n<meta property=\"og:title\" content=\"Impressum - Sunflower 26\" \/>\n<meta property=\"og:description\" content=\"verdigado eGSitz der Gesch\u00e4ftsf\u00fchrungHeilig-Kreuz-Stra\u00dfe 1686609 Donauw\u00f6rth In der Heilig-Kreuz-Stra\u00dfe 16 ist zugleich der Verein Netzbegr\u00fcnung \u2013 Verein f\u00fcr gr\u00fcne Netzkultur e.V. anzutreffen. Sitz der Genossenschaft: N\u00fcrnbergRegistergericht: Amtsgericht N\u00fcrnbergRegisternummer: GnR 344Umsatzsteuer...\" \/>\n<meta property=\"og:url\" content=\"https:\/\/sunflower-theme.de\/demo\/impressum\/\" \/>\n<meta property=\"og:site_name\" content=\"Sunflower 26\" \/>\n<meta property=\"article:modified_time\" content=\"2026-02-17T14:12:10+00:00\" \/>\n<meta name=\"twitter:card\" content=\"summary_large_image\" \/>\n<script type=\"application\/ld+json\" class=\"yoast-schema-graph\">{\"@context\":\"https:\\\/\\\/schema.org\",\"@graph\":[{\"@type\":\"WebPage\",\"@id\":\"https:\\\/\\\/sunflower-theme.de\\\/demo\\\/impressum\\\/\",\"url\":\"https:\\\/\\\/sunflower-theme.de\\\/demo\\\/impressum\\\/\",\"name\":\"Impressum - Sunflower 26\",\"isPartOf\":{\"@id\":\"https:\\\/\\\/sunflower-theme.de\\\/demo\\\/#website\"},\"datePublished\":\"2021-01-04T23:07:34+00:00\",\"dateModified\":\"2026-02-17T14:12:10+00:00\",\"breadcrumb\":{\"@id\":\"https:\\\/\\\/sunflower-theme.de\\\/demo\\\/impressum\\\/#breadcrumb\"},\"inLanguage\":\"de\",\"potentialAction\":[{\"@type\":\"ReadAction\",\"target\":[\"https:\\\/\\\/sunflower-theme.de\\\/demo\\\/impressum\\\/\"]}]},{\"@type\":\"BreadcrumbList\",\"@id\":\"https:\\\/\\\/sunflower-theme.de\\\/demo\\\/impressum\\\/#breadcrumb\",\"itemListElement\":[{\"@type\":\"ListItem\",\"position\":1,\"name\":\"Startseite\",\"item\":\"https:\\\/\\\/sunflower-theme.de\\\/demo\\\/\"},{\"@type\":\"ListItem\",\"position\":2,\"name\":\"Impressum\"}]},{\"@type\":\"WebSite\",\"@id\":\"https:\\\/\\\/sunflower-theme.de\\\/demo\\\/#website\",\"url\":\"https:\\\/\\\/sunflower-theme.de\\\/demo\\\/\",\"name\":\"Sunflower 26\",\"description\":\"Demoseite f\u00fcr das Wordpress Theme\",\"potentialAction\":[{\"@type\":\"SearchAction\",\"target\":{\"@type\":\"EntryPoint\",\"urlTemplate\":\"https:\\\/\\\/sunflower-theme.de\\\/demo\\\/?s={search_term_string}\"},\"query-input\":{\"@type\":\"PropertyValueSpecification\",\"valueRequired\":true,\"valueName\":\"search_term_string\"}}],\"inLanguage\":\"de\"}]}<\/script>\n<!-- \/ Yoast SEO plugin. -->","yoast_head_json":{"title":"Impressum - Sunflower 26","robots":{"index":"index","follow":"follow","max-snippet":"max-snippet:-1","max-image-preview":"max-image-preview:large","max-video-preview":"max-video-preview:-1"},"canonical":"https:\/\/sunflower-theme.de\/demo\/impressum\/","og_locale":"de_DE","og_type":"article","og_title":"Impressum - Sunflower 26","og_description":"verdigado eGSitz der Gesch\u00e4ftsf\u00fchrungHeilig-Kreuz-Stra\u00dfe 1686609 Donauw\u00f6rth In der Heilig-Kreuz-Stra\u00dfe 16 ist zugleich der Verein Netzbegr\u00fcnung \u2013 Verein f\u00fcr gr\u00fcne Netzkultur e.V. anzutreffen. Sitz der Genossenschaft: N\u00fcrnbergRegistergericht: Amtsgericht N\u00fcrnbergRegisternummer: GnR 344Umsatzsteuer...","og_url":"https:\/\/sunflower-theme.de\/demo\/impressum\/","og_site_name":"Sunflower 26","article_modified_time":"2026-02-17T14:12:10+00:00","twitter_card":"summary_large_image","schema":{"@context":"https:\/\/schema.org","@graph":[{"@type":"WebPage","@id":"https:\/\/sunflower-theme.de\/demo\/impressum\/","url":"https:\/\/sunflower-theme.de\/demo\/impressum\/","name":"Impressum - Sunflower 26","isPartOf":{"@id":"https:\/\/sunflower-theme.de\/demo\/#website"},"datePublished":"2021-01-04T23:07:34+00:00","dateModified":"2026-02-17T14:12:10+00:00","breadcrumb":{"@id":"https:\/\/sunflower-theme.de\/demo\/impressum\/#breadcrumb"},"inLanguage":"de","potentialAction":[{"@type":"ReadAction","target":["https:\/\/sunflower-theme.de\/demo\/impressum\/"]}]},{"@type":"BreadcrumbList","@id":"https:\/\/sunflower-theme.de\/demo\/impressum\/#breadcrumb","itemListElement":[{"@type":"ListItem","position":1,"name":"Startseite","item":"https:\/\/sunflower-theme.de\/demo\/"},{"@type":"ListItem","position":2,"name":"Impressum"}]},{"@type":"WebSite","@id":"https:\/\/sunflower-theme.de\/demo\/#website","url":"https:\/\/sunflower-theme.de\/demo\/","name":"Sunflower 26","description":"Demoseite f\u00fcr das Wordpress Theme","potentialAction":[{"@type":"SearchAction","target":{"@type":"EntryPoint","urlTemplate":"https:\/\/sunflower-theme.de\/demo\/?s={search_term_string}"},"query-input":{"@type":"PropertyValueSpecification","valueRequired":true,"valueName":"search_term_string"}}],"inLanguage":"de"}]}},"_links":{"self":[{"href":"https:\/\/sunflower-theme.de\/demo\/wp-json\/wp\/v2\/pages\/26","targetHints":{"allow":["GET"]}}],"collection":[{"href":"https:\/\/sunflower-theme.de\/demo\/wp-json\/wp\/v2\/pages"}],"about":[{"href":"https:\/\/sunflower-theme.de\/demo\/wp-json\/wp\/v2\/types\/page"}],"author":[{"embeddable":true,"href":"https:\/\/sunflower-theme.de\/demo\/wp-json\/wp\/v2\/users\/1"}],"replies":[{"embeddable":true,"href":"https:\/\/sunflower-theme.de\/demo\/wp-json\/wp\/v2\/comments?post=26"}],"version-history":[{"count":2,"href":"https:\/\/sunflower-theme.de\/demo\/wp-json\/wp\/v2\/pages\/26\/revisions"}],"predecessor-version":[{"id":614,"href":"https:\/\/sunflower-theme.de\/demo\/wp-json\/wp\/v2\/pages\/26\/revisions\/614"}],"wp:attachment":[{"href":"https:\/\/sunflower-theme.de\/demo\/wp-json\/wp\/v2\/media?parent=26"}],"curies":[{"name":"wp","href":"https:\/\/api.w.org\/{rel}","templated":true}]}}